{"id":190,"date":"2019-08-09T12:19:14","date_gmt":"2019-08-09T12:19:14","guid":{"rendered":"https:\/\/citycenterhotel.al\/index.php\/bar\/"},"modified":"2019-08-09T13:57:04","modified_gmt":"2019-08-09T13:57:04","slug":"bar","status":"publish","type":"page","link":"https:\/\/citycenterhotel.al\/index.php\/bar\/?lang=sq","title":{"rendered":"BAR"},"content":{"rendered":"<div class=\"wpb-content-wrapper\"><p>[vc_row][vc_column][vc_single_image image=&#8221;41&#8243; img_size=&#8221;full&#8221; alignment=&#8221;center&#8221; image_hovers=&#8221;false&#8221;][vc_custom_heading text=&#8221;Zbuloni Barin Ton\u00eb&#8221; font_container=&#8221;tag:h1|font_size:50|text_align:center|color:%23676123&#8243; google_fonts=&#8221;font_family:Alex%20Brush%3Aregular|font_style:400%20regular%3A400%3Anormal&#8221; css=&#8221;.vc_custom_1565358790759{margin-top: -200px !important;}&#8221;][vc_custom_heading text=&#8221;BARI JON\u00cb&#8221; font_container=&#8221;tag:h3|text_align:center|color:%23333333&#8243; google_fonts=&#8221;font_family:Raleway%3A100%2C200%2C300%2Cregular%2C500%2C600%2C700%2C800%2C900|font_style:400%20regular%3A400%3Anormal&#8221;][vc_row_inner][vc_column_inner width=&#8221;1\/3&#8243;][\/vc_column_inner][vc_column_inner width=&#8221;1\/3&#8243;][vc_column_text]<\/p>\n<p style=\"font-family: Raleway, serif; text-align: center;\"><span style=\"color: #333333;\">T\u00eb gjith\u00eb dashamir\u00ebsit e koktejleve do t\u00eb ken\u00eb mund\u00ebsin\u00eb t\u00eb shijojn\u00eb koktejlin e tyre t\u00eb preferuar n\u00eb shoqerin\u00eb e miqve. Gjithashtu ofrojm\u00eb nj\u00eb k\u00ebnd lojrash p\u00ebr femij\u00ebt, n\u00eb m\u00ebnyr\u00eb q\u00eb e gjith\u00eb familja t\u00eb shijoj\u00eb pushimet dhe t\u00eb relaksohet n\u00eb maksimum.<\/span><\/p>\n<p>[\/vc_column_text][\/vc_column_inner][vc_column_inner width=&#8221;1\/3&#8243;][\/vc_column_inner][\/vc_row_inner][\/vc_column][\/vc_row][vc_row full_width=&#8221;stretch_row_content_no_spaces&#8221; css=&#8221;.vc_custom_1565353923271{margin-bottom: -70px !important;}&#8221;][vc_column][vc_media_grid element_width=&#8221;2&#8243; grid_id=&#8221;vc_gid:1565358754601-44d53b49-1105-9&#8243; include=&#8221;123,124,125,126,127,128&#8243;][\/vc_column][\/vc_row]<\/p>\n<\/div>","protected":false},"excerpt":{"rendered":"<p>[vc_row][vc_column][vc_single_image image=&#8221;41&#8243; img_size=&#8221;full&#8221; alignment=&#8221;center&#8221; image_hovers=&#8221;false&#8221;][vc_custom_heading text=&#8221;Zbuloni Barin Ton\u00eb&#8221; font_container=&#8221;tag:h1|font_size:50|text_align:center|color:%23676123&#8243; google_fonts=&#8221;font_family:Alex%20Brush%3Aregular|font_style:400%20regular%3A400%3Anormal&#8221; css=&#8221;.vc_custom_1565358790759{margin-top: -200px !important;}&#8221;][vc_custom_heading text=&#8221;BARI JON\u00cb&#8221; font_container=&#8221;tag:h3|text_align:center|color:%23333333&#8243; google_fonts=&#8221;font_family:Raleway%3A100%2C200%2C300%2Cregular%2C500%2C600%2C700%2C800%2C900|font_style:400%20regular%3A400%3Anormal&#8221;][vc_row_inner][vc_column_inner width=&#8221;1\/3&#8243;][\/vc_column_inner][vc_column_inner width=&#8221;1\/3&#8243;][vc_column_text] T\u00eb gjith\u00eb dashamir\u00ebsit e koktejleve do t\u00eb ken\u00eb mund\u00ebsin\u00eb t\u00eb shijojn\u00eb koktejlin e tyre t\u00eb preferuar n\u00eb shoqerin\u00eb e miqve. Gjithashtu ofrojm\u00eb nj\u00eb k\u00ebnd lojrash p\u00ebr femij\u00ebt, n\u00eb m\u00ebnyr\u00eb q\u00eb e gjith\u00eb familja t\u00eb shijoj\u00eb pushimet&hellip;<\/p>\n","protected":false},"author":1,"featured_media":0,"parent":0,"menu_order":0,"comment_status":"closed","ping_status":"closed","template":"","meta":{"footnotes":""},"class_list":["post-190","page","type-page","status-publish","hentry","description-off"],"_links":{"self":[{"href":"https:\/\/citycenterhotel.al\/index.php\/wp-json\/wp\/v2\/pages\/190","targetHints":{"allow":["GET"]}}],"collection":[{"href":"https:\/\/citycenterhotel.al\/index.php\/wp-json\/wp\/v2\/pages"}],"about":[{"href":"https:\/\/citycenterhotel.al\/index.php\/wp-json\/wp\/v2\/types\/page"}],"author":[{"embeddable":true,"href":"https:\/\/citycenterhotel.al\/index.php\/wp-json\/wp\/v2\/users\/1"}],"replies":[{"embeddable":true,"href":"https:\/\/citycenterhotel.al\/index.php\/wp-json\/wp\/v2\/comments?post=190"}],"version-history":[{"count":2,"href":"https:\/\/citycenterhotel.al\/index.php\/wp-json\/wp\/v2\/pages\/190\/revisions"}],"predecessor-version":[{"id":198,"href":"https:\/\/citycenterhotel.al\/index.php\/wp-json\/wp\/v2\/pages\/190\/revisions\/198"}],"wp:attachment":[{"href":"https:\/\/citycenterhotel.al\/index.php\/wp-json\/wp\/v2\/media?parent=190"}],"curies":[{"name":"wp","href":"https:\/\/api.w.org\/{rel}","templated":true}]}}